{"id":10023,"date":"2025-06-30T14:10:59","date_gmt":"2025-06-30T14:10:59","guid":{"rendered":"https:\/\/mialquiconsultores.cl\/?page_id=10023"},"modified":"2025-07-03T19:06:37","modified_gmt":"2025-07-03T19:06:37","slug":"novedades","status":"publish","type":"page","link":"https:\/\/mialquiconsultores.cl\/index.php\/novedades\/","title":{"rendered":"Novedades"},"content":{"rendered":"<section class=\"l-section wpb_row height_custom\"><div class=\"l-section-h i-cf\"><div class=\"g-cols via_grid cols_1 laptops-cols_inherit tablets-cols_inherit mobiles-cols_1 valign_top type_default\"><div class=\"wpb_column vc_column_container\"><div class=\"vc_column-inner\"><div class=\"w-grid type_grid layout_9547 cols_4\" id=\"us_grid_1\" data-filterable=\"true\"><style>#us_grid_1 .w-grid-item{padding:1.5rem}#us_grid_1 .w-grid-list{margin:-1.5rem -1.5rem 1.5rem}.w-grid-none + #us_grid_1 .w-grid-list{margin-top:1.5rem}@media (max-width:1199px){#us_grid_1 .w-grid-item{width:33.3333%}}@media (max-width:899px){#us_grid_1 .w-grid-item{width:50%}}@media (max-width:599px){#us_grid_1 .w-grid-list{margin:0}#us_grid_1 .w-grid-item{width:100%;padding:0;margin-bottom:1.5rem}}.layout_9547 .w-grid-item-h{background:#7d6d6d;color:#ffffff;border-radius:2rem;box-shadow:0 0.3rem 0.6rem rgba(0,0,0,0.1),0 1rem 3rem rgba(0,0,0,0.1);transition-duration:0.3s}.layout_9547 .usg_post_title_1{color:#ffffff!important;text-align:center!important;font-weight:700!important;font-size:16px!important;height:87px!important;margin-bottom:10px!important;padding:10px!important}.layout_9547 .usg_post_image_1{padding-bottom:0px!important;border-radius:20px!important}.layout_9547 .usg_vwrapper_1{padding-bottom:10px!important;border-radius:25px!important;border-color:#676163!important}@media (min-width:1025px) and (max-width:1366px){.layout_9547 .usg_post_title_1{height:87px!important}}@media (max-width:600px){.layout_9547 .usg_post_title_1{height:64px!important}}<\/style><div class=\"w-grid-list\">\t<article class=\"w-grid-item size_1x1 post-9508 post type-post status-publish format-standard has-post-thumbnail hentry category-novedades\" data-id=\"9508\">\n\t\t<div class=\"w-grid-item-h\">\n\t\t\t\t\t\t<div class=\"w-vwrapper usg_vwrapper_1 align_none valign_top\"><div class=\"w-post-elm post_image usg_post_image_1 has_ratio\"><div style=\"padding-bottom:100%\"><\/div><a href=\"https:\/\/mialquiconsultores.cl\/index.php\/mialqui-consultores-se-adjudica-monitoreo-arqueologico-en-la-region-del-maule\/\" aria-label=\"Mialqui Consultores se adjudica monitoreo arqueol\u00f3gico en la regi\u00f3n del Maule\"><img decoding=\"async\" width=\"568\" height=\"426\" data-src=\"https:\/\/mialquiconsultores.cl\/wp-content\/uploads\/2023\/04\/monitoreo-arqueologico-3.webp\" class=\"attachment-large size-large wp-post-image lazyload\" alt=\"Camioneta de Mialqui Consultores en monitoreo arqueol\u00f3gico en la Regi\u00f3n del Maule\" data-srcset=\"https:\/\/mialquiconsultores.cl\/wp-content\/uploads\/2023\/04\/monitoreo-arqueologico-3.webp 568w, https:\/\/mialquiconsultores.cl\/wp-content\/uploads\/2023\/04\/monitoreo-arqueologico-3-300x225.webp 300w\" data-sizes=\"(max-width: 568px) 100vw, 568px\" src=\"data:image\/svg+xml;base64,PHN2ZyB3aWR0aD0iMSIgaGVpZ2h0PSIxIiB4bWxucz0iaHR0cDovL3d3dy53My5vcmcvMjAwMC9zdmciPjwvc3ZnPg==\" style=\"--smush-placeholder-width: 568px; --smush-placeholder-aspect-ratio: 568\/426;\" \/><\/a><\/div><h4 class=\"w-post-elm post_title usg_post_title_1 entry-title color_link_inherit\"><a href=\"https:\/\/mialquiconsultores.cl\/index.php\/mialqui-consultores-se-adjudica-monitoreo-arqueologico-en-la-region-del-maule\/\">Mialqui Consultores se adjudica monitoreo arqueol\u00f3gico en la regi\u00f3n del Maule<\/a><\/h4><\/div>\t\t<\/div>\n\t<\/article>\n\t<article class=\"w-grid-item size_1x1 post-9526 post type-post status-publish format-standard has-post-thumbnail hentry category-novedades\" data-id=\"9526\">\n\t\t<div class=\"w-grid-item-h\">\n\t\t\t\t\t\t<div class=\"w-vwrapper usg_vwrapper_1 align_none valign_top\"><div class=\"w-post-elm post_image usg_post_image_1 has_ratio\"><div style=\"padding-bottom:100%\"><\/div><a href=\"https:\/\/mialquiconsultores.cl\/index.php\/mialqui-consultores-se-adjudica-licitacion-para-monitoreo-arqueologico-en-la-comuna-de-licanten\/\" aria-label=\"Mialqui Consultores se adjudica licitaci\u00f3n para monitoreo arqueol\u00f3gico en la comuna de Licant\u00e9n\"><img decoding=\"async\" width=\"622\" height=\"280\" data-src=\"https:\/\/mialquiconsultores.cl\/wp-content\/uploads\/2023\/07\/Sin-titulo.webp\" class=\"attachment-large size-large wp-post-image lazyload\" alt=\"Equipo de arqueolog\u00eda trabajando en proyecto en la comuna de Licant\u00e9n\" data-srcset=\"https:\/\/mialquiconsultores.cl\/wp-content\/uploads\/2023\/07\/Sin-titulo.webp 622w, https:\/\/mialquiconsultores.cl\/wp-content\/uploads\/2023\/07\/Sin-titulo-300x135.webp 300w\" data-sizes=\"(max-width: 622px) 100vw, 622px\" src=\"data:image\/svg+xml;base64,PHN2ZyB3aWR0aD0iMSIgaGVpZ2h0PSIxIiB4bWxucz0iaHR0cDovL3d3dy53My5vcmcvMjAwMC9zdmciPjwvc3ZnPg==\" style=\"--smush-placeholder-width: 622px; --smush-placeholder-aspect-ratio: 622\/280;\" \/><\/a><\/div><h4 class=\"w-post-elm post_title usg_post_title_1 entry-title color_link_inherit\"><a href=\"https:\/\/mialquiconsultores.cl\/index.php\/mialqui-consultores-se-adjudica-licitacion-para-monitoreo-arqueologico-en-la-comuna-de-licanten\/\">Mialqui Consultores se adjudica licitaci\u00f3n para monitoreo arqueol\u00f3gico en la comuna de Licant\u00e9n<\/a><\/h4><\/div>\t\t<\/div>\n\t<\/article>\n\t<article class=\"w-grid-item size_1x1 post-9532 post type-post status-publish format-standard has-post-thumbnail hentry category-novedades\" data-id=\"9532\">\n\t\t<div class=\"w-grid-item-h\">\n\t\t\t\t\t\t<div class=\"w-vwrapper usg_vwrapper_1 align_none valign_top\"><div class=\"w-post-elm post_image usg_post_image_1 has_ratio\"><div style=\"padding-bottom:100%\"><\/div><a href=\"https:\/\/mialquiconsultores.cl\/index.php\/mialqui-consultores-participa-en-la-simulacion-de-hallazgo-arqueologico-en-el-proyecto-la-vendimia\/\" aria-label=\"Mialqui Consultores participa en la simulaci\u00f3n de hallazgo arqueol\u00f3gico en el Proyecto \u201cLa Vendimia\u201d\"><img decoding=\"async\" width=\"671\" height=\"503\" data-src=\"https:\/\/mialquiconsultores.cl\/wp-content\/uploads\/2023\/10\/monitoreo-arqueologico-5.webp\" class=\"attachment-large size-large wp-post-image lazyload\" alt=\"Simulaci\u00f3n de hallazgo arqueol\u00f3gico en el Proyecto La Vendimia\" data-srcset=\"https:\/\/mialquiconsultores.cl\/wp-content\/uploads\/2023\/10\/monitoreo-arqueologico-5.webp 671w, https:\/\/mialquiconsultores.cl\/wp-content\/uploads\/2023\/10\/monitoreo-arqueologico-5-300x225.webp 300w\" data-sizes=\"(max-width: 671px) 100vw, 671px\" src=\"data:image\/svg+xml;base64,PHN2ZyB3aWR0aD0iMSIgaGVpZ2h0PSIxIiB4bWxucz0iaHR0cDovL3d3dy53My5vcmcvMjAwMC9zdmciPjwvc3ZnPg==\" style=\"--smush-placeholder-width: 671px; --smush-placeholder-aspect-ratio: 671\/503;\" \/><\/a><\/div><h4 class=\"w-post-elm post_title usg_post_title_1 entry-title color_link_inherit\"><a href=\"https:\/\/mialquiconsultores.cl\/index.php\/mialqui-consultores-participa-en-la-simulacion-de-hallazgo-arqueologico-en-el-proyecto-la-vendimia\/\">Mialqui Consultores participa en la simulaci\u00f3n de hallazgo arqueol\u00f3gico en el Proyecto \u201cLa Vendimia\u201d<\/a><\/h4><\/div>\t\t<\/div>\n\t<\/article>\n\t<article class=\"w-grid-item size_1x1 post-9539 post type-post status-publish format-standard has-post-thumbnail hentry category-novedades\" data-id=\"9539\">\n\t\t<div class=\"w-grid-item-h\">\n\t\t\t\t\t\t<div class=\"w-vwrapper usg_vwrapper_1 align_none valign_top\"><div class=\"w-post-elm post_image usg_post_image_1 has_ratio\"><div style=\"padding-bottom:100%\"><\/div><a href=\"https:\/\/mialquiconsultores.cl\/index.php\/mialqui-consultores-participa-en-licitacion-de-codelco-para-la-construccion-del-proyecto-sendero\/\" aria-label=\"Mialqui Consultores participa en licitaci\u00f3n de CODELCO para la construcci\u00f3n del Proyecto \u201cSendero\u201d\"><img decoding=\"async\" width=\"675\" height=\"304\" data-src=\"https:\/\/mialquiconsultores.cl\/wp-content\/uploads\/2023\/12\/monitoreo-arqueologico-2-3.webp\" class=\"attachment-large size-large wp-post-image lazyload\" alt=\"Equipo en faenas arqueol\u00f3gicas para licitaci\u00f3n de CODELCO Proyecto Sendero\" data-srcset=\"https:\/\/mialquiconsultores.cl\/wp-content\/uploads\/2023\/12\/monitoreo-arqueologico-2-3.webp 675w, https:\/\/mialquiconsultores.cl\/wp-content\/uploads\/2023\/12\/monitoreo-arqueologico-2-3-300x135.webp 300w\" data-sizes=\"(max-width: 675px) 100vw, 675px\" src=\"data:image\/svg+xml;base64,PHN2ZyB3aWR0aD0iMSIgaGVpZ2h0PSIxIiB4bWxucz0iaHR0cDovL3d3dy53My5vcmcvMjAwMC9zdmciPjwvc3ZnPg==\" style=\"--smush-placeholder-width: 675px; --smush-placeholder-aspect-ratio: 675\/304;\" \/><\/a><\/div><h4 class=\"w-post-elm post_title usg_post_title_1 entry-title color_link_inherit\"><a href=\"https:\/\/mialquiconsultores.cl\/index.php\/mialqui-consultores-participa-en-licitacion-de-codelco-para-la-construccion-del-proyecto-sendero\/\">Mialqui Consultores participa en licitaci\u00f3n de CODELCO para la construcci\u00f3n del Proyecto \u201cSendero\u201d<\/a><\/h4><\/div>\t\t<\/div>\n\t<\/article>\n\t<article class=\"w-grid-item size_1x1 post-9565 post type-post status-publish format-standard has-post-thumbnail hentry category-novedades\" data-id=\"9565\">\n\t\t<div class=\"w-grid-item-h\">\n\t\t\t\t\t\t<div class=\"w-vwrapper usg_vwrapper_1 align_none valign_top\"><div class=\"w-post-elm post_image usg_post_image_1 has_ratio\"><div style=\"padding-bottom:100%\"><\/div><a href=\"https:\/\/mialquiconsultores.cl\/index.php\/mialqui-consultores-visita-la-region-de-los-rios-y-la-provincia-de-neuquen-en-argentina\/\" aria-label=\"Mialqui Consultores visita la Regi\u00f3n de los R\u00edos y la provincia de Neuqu\u00e9n en Argentina\"><img decoding=\"async\" width=\"589\" height=\"265\" data-src=\"https:\/\/mialquiconsultores.cl\/wp-content\/uploads\/2024\/05\/Sprite-0001.webp\" class=\"attachment-large size-large wp-post-image lazyload\" alt=\"Mialqui Consultores en visita t\u00e9cnica a la Regi\u00f3n de Los R\u00edos\" data-srcset=\"https:\/\/mialquiconsultores.cl\/wp-content\/uploads\/2024\/05\/Sprite-0001.webp 589w, https:\/\/mialquiconsultores.cl\/wp-content\/uploads\/2024\/05\/Sprite-0001-300x135.webp 300w\" data-sizes=\"(max-width: 589px) 100vw, 589px\" src=\"data:image\/svg+xml;base64,PHN2ZyB3aWR0aD0iMSIgaGVpZ2h0PSIxIiB4bWxucz0iaHR0cDovL3d3dy53My5vcmcvMjAwMC9zdmciPjwvc3ZnPg==\" style=\"--smush-placeholder-width: 589px; --smush-placeholder-aspect-ratio: 589\/265;\" \/><\/a><\/div><h4 class=\"w-post-elm post_title usg_post_title_1 entry-title color_link_inherit\"><a href=\"https:\/\/mialquiconsultores.cl\/index.php\/mialqui-consultores-visita-la-region-de-los-rios-y-la-provincia-de-neuquen-en-argentina\/\">Mialqui Consultores visita la Regi\u00f3n de los R\u00edos y la provincia de Neuqu\u00e9n en Argentina<\/a><\/h4><\/div>\t\t<\/div>\n\t<\/article>\n\t<article class=\"w-grid-item size_1x1 post-9593 post type-post status-publish format-standard has-post-thumbnail hentry category-novedades\" data-id=\"9593\">\n\t\t<div class=\"w-grid-item-h\">\n\t\t\t\t\t\t<div class=\"w-vwrapper usg_vwrapper_1 align_none valign_top\"><div class=\"w-post-elm post_image usg_post_image_1 has_ratio\"><div style=\"padding-bottom:100%\"><\/div><a href=\"https:\/\/mialquiconsultores.cl\/index.php\/mialqui-consultores-presta-servicios-en-nuevo-parque-fotovoltaico-psf-gabardo-del-verano\/\" aria-label=\"Mialqui Consultores Presta Servicios en nuevo parque fotovoltaico: PSF Gabardo del Verano\"><img decoding=\"async\" width=\"1024\" height=\"575\" data-src=\"https:\/\/mialquiconsultores.cl\/wp-content\/uploads\/2024\/05\/Parque-fotovoltaico-con-intervencion-arqueologica-por-Mialqui-Consultores-1024x575.webp\" class=\"attachment-large size-large wp-post-image lazyload\" alt=\"Parque fotovoltaico con intervenci\u00f3n arqueol\u00f3gica por Mialqui Consultores\" data-srcset=\"https:\/\/mialquiconsultores.cl\/wp-content\/uploads\/2024\/05\/Parque-fotovoltaico-con-intervencion-arqueologica-por-Mialqui-Consultores-1024x575.webp 1024w, https:\/\/mialquiconsultores.cl\/wp-content\/uploads\/2024\/05\/Parque-fotovoltaico-con-intervencion-arqueologica-por-Mialqui-Consultores-300x169.webp 300w, https:\/\/mialquiconsultores.cl\/wp-content\/uploads\/2024\/05\/Parque-fotovoltaico-con-intervencion-arqueologica-por-Mialqui-Consultores.webp 1200w\" data-sizes=\"(max-width: 1024px) 100vw, 1024px\" src=\"data:image\/svg+xml;base64,PHN2ZyB3aWR0aD0iMSIgaGVpZ2h0PSIxIiB4bWxucz0iaHR0cDovL3d3dy53My5vcmcvMjAwMC9zdmciPjwvc3ZnPg==\" style=\"--smush-placeholder-width: 1024px; --smush-placeholder-aspect-ratio: 1024\/575;\" \/><\/a><\/div><h4 class=\"w-post-elm post_title usg_post_title_1 entry-title color_link_inherit\"><a href=\"https:\/\/mialquiconsultores.cl\/index.php\/mialqui-consultores-presta-servicios-en-nuevo-parque-fotovoltaico-psf-gabardo-del-verano\/\">Mialqui Consultores Presta Servicios en nuevo parque fotovoltaico: PSF Gabardo del Verano<\/a><\/h4><\/div>\t\t<\/div>\n\t<\/article>\n\t<article class=\"w-grid-item size_1x1 post-9610 post type-post status-publish format-standard has-post-thumbnail hentry category-novedades\" data-id=\"9610\">\n\t\t<div class=\"w-grid-item-h\">\n\t\t\t\t\t\t<div class=\"w-vwrapper usg_vwrapper_1 align_none valign_top\"><div class=\"w-post-elm post_image usg_post_image_1 has_ratio\"><div style=\"padding-bottom:100%\"><\/div><a href=\"https:\/\/mialquiconsultores.cl\/index.php\/estudios-arqueologicos-preservando-el-patrimonio-cultural\/\" aria-label=\"Estudios arqueol\u00f3gicos: preservando el patrimonio cultural\"><img decoding=\"async\" width=\"460\" height=\"451\" data-src=\"https:\/\/mialquiconsultores.cl\/wp-content\/uploads\/2024\/06\/Mialqui-presta-servicios-arqueologicos-en-nuevo-parque-solar.webp\" class=\"attachment-large size-large wp-post-image lazyload\" alt=\"Parque fotovoltaico con intervenci\u00f3n arqueol\u00f3gica por Mialqui Consultores\" data-srcset=\"https:\/\/mialquiconsultores.cl\/wp-content\/uploads\/2024\/06\/Mialqui-presta-servicios-arqueologicos-en-nuevo-parque-solar.webp 460w, https:\/\/mialquiconsultores.cl\/wp-content\/uploads\/2024\/06\/Mialqui-presta-servicios-arqueologicos-en-nuevo-parque-solar-300x294.webp 300w\" data-sizes=\"(max-width: 460px) 100vw, 460px\" src=\"data:image\/svg+xml;base64,PHN2ZyB3aWR0aD0iMSIgaGVpZ2h0PSIxIiB4bWxucz0iaHR0cDovL3d3dy53My5vcmcvMjAwMC9zdmciPjwvc3ZnPg==\" style=\"--smush-placeholder-width: 460px; --smush-placeholder-aspect-ratio: 460\/451;\" \/><\/a><\/div><h4 class=\"w-post-elm post_title usg_post_title_1 entry-title color_link_inherit\"><a href=\"https:\/\/mialquiconsultores.cl\/index.php\/estudios-arqueologicos-preservando-el-patrimonio-cultural\/\">Estudios arqueol\u00f3gicos: preservando el patrimonio cultural<\/a><\/h4><\/div>\t\t<\/div>\n\t<\/article>\n\t<article class=\"w-grid-item size_1x1 post-9656 post type-post status-publish format-standard has-post-thumbnail hentry category-novedades\" data-id=\"9656\">\n\t\t<div class=\"w-grid-item-h\">\n\t\t\t\t\t\t<div class=\"w-vwrapper usg_vwrapper_1 align_none valign_top\"><div class=\"w-post-elm post_image usg_post_image_1 has_ratio\"><div style=\"padding-bottom:100%\"><\/div><a href=\"https:\/\/mialquiconsultores.cl\/index.php\/descubre-nuestros-servicios-en-arqueologia\/\" aria-label=\"Descubre nuestros servicios en arqueolog\u00eda\"><img decoding=\"async\" width=\"500\" height=\"495\" data-src=\"https:\/\/mialquiconsultores.cl\/wp-content\/uploads\/2024\/06\/Descubre-nuestros-servicios-en-arqueologia.png\" class=\"attachment-large size-large wp-post-image lazyload\" alt=\"\" data-srcset=\"https:\/\/mialquiconsultores.cl\/wp-content\/uploads\/2024\/06\/Descubre-nuestros-servicios-en-arqueologia.png 500w, https:\/\/mialquiconsultores.cl\/wp-content\/uploads\/2024\/06\/Descubre-nuestros-servicios-en-arqueologia-300x297.png 300w, https:\/\/mialquiconsultores.cl\/wp-content\/uploads\/2024\/06\/Descubre-nuestros-servicios-en-arqueologia-150x150.png 150w\" data-sizes=\"(max-width: 500px) 100vw, 500px\" src=\"data:image\/svg+xml;base64,PHN2ZyB3aWR0aD0iMSIgaGVpZ2h0PSIxIiB4bWxucz0iaHR0cDovL3d3dy53My5vcmcvMjAwMC9zdmciPjwvc3ZnPg==\" style=\"--smush-placeholder-width: 500px; --smush-placeholder-aspect-ratio: 500\/495;\" \/><\/a><\/div><h4 class=\"w-post-elm post_title usg_post_title_1 entry-title color_link_inherit\"><a href=\"https:\/\/mialquiconsultores.cl\/index.php\/descubre-nuestros-servicios-en-arqueologia\/\">Descubre nuestros servicios en arqueolog\u00eda<\/a><\/h4><\/div>\t\t<\/div>\n\t<\/article>\n<\/div><div class=\"w-grid-preloader\"><div class=\"g-preloader type_1\">\n\t<div><\/div>\n<\/div>\n<\/div>\t\t<div class=\"g-loadmore \">\n\t\t\t<div class=\"g-preloader type_1\">\n\t\t\t\t<div><\/div>\n\t\t\t<\/div>\n\t\t\t<a class=\"w-btn us-btn-style_1\" href=\"javascript:void(0)\">\n\t\t\t\t<span class=\"w-btn-label\">Cargar m\u00e1s<\/span>\n\t\t\t<\/a>\n\t\t<\/div>\n\t\t\t<div class=\"w-grid-json hidden\" onclick='return {&quot;action&quot;:&quot;us_ajax_grid&quot;,&quot;ajax_url&quot;:&quot;https:\\\/\\\/mialquiconsultores.cl\\\/wp-admin\\\/admin-ajax.php&quot;,&quot;infinite_scroll&quot;:0,&quot;max_num_pages&quot;:3,&quot;pagination&quot;:&quot;ajax&quot;,&quot;permalink_url&quot;:&quot;https:\\\/\\\/mialquiconsultores.cl\\\/wp-json\\\/wp\\\/v2\\\/pages\\\/10023&quot;,&quot;template_vars&quot;:{&quot;columns&quot;:&quot;4&quot;,&quot;exclude_items&quot;:&quot;none&quot;,&quot;img_size&quot;:&quot;default&quot;,&quot;ignore_items_size&quot;:false,&quot;items_layout&quot;:&quot;9547&quot;,&quot;items_offset&quot;:&quot;1&quot;,&quot;load_animation&quot;:&quot;none&quot;,&quot;overriding_link&quot;:&quot;none&quot;,&quot;post_id&quot;:10023,&quot;query_args&quot;:{&quot;post_type&quot;:[&quot;post&quot;],&quot;tax_query&quot;:[{&quot;taxonomy&quot;:&quot;category&quot;,&quot;field&quot;:&quot;slug&quot;,&quot;terms&quot;:[&quot;novedades&quot;]}],&quot;post_status&quot;:[&quot;publish&quot;,&quot;acf-disabled&quot;],&quot;posts_per_page&quot;:&quot;8&quot;},&quot;orderby_query_args&quot;:{&quot;orderby&quot;:{&quot;date&quot;:&quot;ASC&quot;}},&quot;type&quot;:&quot;grid&quot;,&quot;us_grid_ajax_index&quot;:1,&quot;us_grid_filter_params&quot;:null,&quot;us_grid_index&quot;:1,&quot;_us_grid_post_type&quot;:&quot;post&quot;}}'><\/div>\n\t<\/div><\/div><\/div><\/div><\/div><\/section>\n","protected":false},"excerpt":{"rendered":"Descubre nuestros servicios en arqueolog\u00edaEn Mialqui consultores nos especializamos en una amplia gama de servicios arqueol\u00f3gicos que abarcan desde excavaciones hasta la conservaci\u00f3n de hallazgos, garantizando la preservaci\u00f3n y comprensi\u00f3n del pasado hist\u00f3rico. Excavaciones arqueol\u00f3gicas y arqueolog\u00eda del paisaje Nuestras excavaciones arqueol\u00f3gicas se realizan con meticulosidad y precisi\u00f3n para descubrir y documentar cada capa de...","protected":false},"author":3,"featured_media":0,"parent":0,"menu_order":0,"comment_status":"closed","ping_status":"closed","template":"","meta":{"_acf_changed":false,"footnotes":""},"class_list":["post-10023","page","type-page","status-publish","hentry"],"acf":[],"_links":{"self":[{"href":"https:\/\/mialquiconsultores.cl\/index.php\/wp-json\/wp\/v2\/pages\/10023","targetHints":{"allow":["GET"]}}],"collection":[{"href":"https:\/\/mialquiconsultores.cl\/index.php\/wp-json\/wp\/v2\/pages"}],"about":[{"href":"https:\/\/mialquiconsultores.cl\/index.php\/wp-json\/wp\/v2\/types\/page"}],"author":[{"embeddable":true,"href":"https:\/\/mialquiconsultores.cl\/index.php\/wp-json\/wp\/v2\/users\/3"}],"replies":[{"embeddable":true,"href":"https:\/\/mialquiconsultores.cl\/index.php\/wp-json\/wp\/v2\/comments?post=10023"}],"version-history":[{"count":1,"href":"https:\/\/mialquiconsultores.cl\/index.php\/wp-json\/wp\/v2\/pages\/10023\/revisions"}],"predecessor-version":[{"id":10024,"href":"https:\/\/mialquiconsultores.cl\/index.php\/wp-json\/wp\/v2\/pages\/10023\/revisions\/10024"}],"wp:attachment":[{"href":"https:\/\/mialquiconsultores.cl\/index.php\/wp-json\/wp\/v2\/media?parent=10023"}],"curies":[{"name":"wp","href":"https:\/\/api.w.org\/{rel}","templated":true}]}}