{"id":9453,"date":"2023-10-13T20:18:02","date_gmt":"2023-10-13T20:18:02","guid":{"rendered":"https:\/\/mialquiconsultores.cl\/?page_id=9453"},"modified":"2025-08-22T18:22:12","modified_gmt":"2025-08-22T18:22:12","slug":"nosotros","status":"publish","type":"page","link":"https:\/\/mialquiconsultores.cl\/index.php\/nosotros\/","title":{"rendered":"NOSOTROS"},"content":{"rendered":"<section class=\"l-section wpb_row us_custom_b59e8ee1 has_text_color height_small with_img\"><div class=\"l-section-img lazyload\" style=\"background-image:inherit;\" data-img-width=\"2560\" data-img-height=\"520\" data-bg-image=\"url(https:\/\/mialquiconsultores.cl\/wp-content\/uploads\/2024\/09\/elementos-mialqui-secciones-06-scaled.jpg)\"><\/div><div class=\"l-section-overlay\" style=\"background:rgba(0,0,0,0.40)\"><\/div><div class=\"l-section-h i-cf\"><div class=\"g-cols via_grid cols_1 laptops-cols_inherit tablets-cols_inherit mobiles-cols_1 valign_top type_default\"><div class=\"wpb_column vc_column_container\"><div class=\"vc_column-inner\"><div class=\"wpb_text_column cat-subrayado\"><div class=\"wpb_wrapper\"><h6><strong>Nosotros<\/strong><\/h6>\n<hr \/>\n<\/div><\/div><div class=\"wpb_text_column\"><div class=\"wpb_wrapper\"><h1><strong>Mialqui Consultores<\/strong><\/h1>\n<\/div><\/div><div class=\"w-separator size_small\"><\/div><div class=\"wpb_text_column us_custom_d416b668 has_text_color\"><div class=\"wpb_wrapper\"><p style=\"text-align: justify;\">Somos una consultora que nace de la necesidad de compatibilizar la labor arqueol\u00f3gica y el desarrollo constructivo de quienes nos prefieren porque a trav\u00e9s de nuestra experiencia sabemos la urgencia de contar con energ\u00edas renovables y limpias en nuestro pa\u00eds, adem\u00e1s de la importancia de las otras \u00e1reas constructivas, como las h\u00eddricas, viales, habitacionales, entre otras.<\/p>\n<\/div><\/div><\/div><\/div><\/div><\/div><\/section><section class=\"l-section wpb_row us_custom_38ec8cf5 height_small\"><div class=\"l-section-h i-cf\"><div class=\"g-cols via_grid cols_1 laptops-cols_inherit tablets-cols_inherit mobiles-cols_1 valign_top type_default\"><div class=\"wpb_column vc_column_container\"><div class=\"vc_column-inner\"><div class=\"wpb_text_column us_custom_b6d06136\"><div class=\"wpb_wrapper\"><p style=\"text-align: justify;\">Nuestro trabajo serio, responsable y amigable con el medio ambiente, siempre ha de tener como norte el progreso de nuestros clientes seg\u00fan la normativa vigente. Ese es nuestro compromiso.<\/p>\n<\/div><\/div><\/div><\/div><\/div><\/div><\/section><section class=\"l-section wpb_row us_custom_4fba8cae has_text_color us_animate_this height_custom\"><div class=\"l-section-h i-cf\"><div class=\"g-cols via_grid cols_5-7 laptops-cols_inherit tablets-cols_inherit mobiles-cols_1 valign_top type_default\"><div class=\"wpb_column vc_column_container\"><div class=\"vc_column-inner\"><div class=\"w-image align_none\"><div class=\"w-image-h\"><img decoding=\"async\" width=\"1920\" height=\"832\" data-src=\"https:\/\/mialquiconsultores.cl\/wp-content\/uploads\/2025\/07\/elementos-mialqui-secciones-08-scaled-1.webp\" class=\"attachment-full size-full lazyload\" alt=\"\" data-srcset=\"https:\/\/mialquiconsultores.cl\/wp-content\/uploads\/2025\/07\/elementos-mialqui-secciones-08-scaled-1.webp 1920w, https:\/\/mialquiconsultores.cl\/wp-content\/uploads\/2025\/07\/elementos-mialqui-secciones-08-scaled-1-300x130.webp 300w, https:\/\/mialquiconsultores.cl\/wp-content\/uploads\/2025\/07\/elementos-mialqui-secciones-08-scaled-1-1024x444.webp 1024w, https:\/\/mialquiconsultores.cl\/wp-content\/uploads\/2025\/07\/elementos-mialqui-secciones-08-scaled-1-1536x666.webp 1536w\" data-sizes=\"(max-width: 1920px) 100vw, 1920px\" src=\"data:image\/svg+xml;base64,PHN2ZyB3aWR0aD0iMSIgaGVpZ2h0PSIxIiB4bWxucz0iaHR0cDovL3d3dy53My5vcmcvMjAwMC9zdmciPjwvc3ZnPg==\" style=\"--smush-placeholder-width: 1920px; --smush-placeholder-aspect-ratio: 1920\/832;\" \/><\/div><\/div><div class=\"w-separator size_medium\"><\/div><div class=\"w-image align_none\"><div class=\"w-image-h\"><img decoding=\"async\" width=\"800\" height=\"871\" data-src=\"https:\/\/mialquiconsultores.cl\/wp-content\/uploads\/2025\/07\/elementos-mialqui-secciones-10-scaled-1.webp\" class=\"attachment-full size-full lazyload\" alt=\"\" data-srcset=\"https:\/\/mialquiconsultores.cl\/wp-content\/uploads\/2025\/07\/elementos-mialqui-secciones-10-scaled-1.webp 800w, https:\/\/mialquiconsultores.cl\/wp-content\/uploads\/2025\/07\/elementos-mialqui-secciones-10-scaled-1-276x300.webp 276w\" data-sizes=\"(max-width: 800px) 100vw, 800px\" src=\"data:image\/svg+xml;base64,PHN2ZyB3aWR0aD0iMSIgaGVpZ2h0PSIxIiB4bWxucz0iaHR0cDovL3d3dy53My5vcmcvMjAwMC9zdmciPjwvc3ZnPg==\" style=\"--smush-placeholder-width: 800px; --smush-placeholder-aspect-ratio: 800\/871;\" \/><\/div><\/div><\/div><\/div><div class=\"wpb_column vc_column_container us_custom_0562d86c has_bg_color\"><div class=\"vc_column-inner\"><div class=\"w-vwrapper align_none valign_middle\"><div class=\"w-separator size_small\"><\/div><h2 class=\"w-text us_custom_c314e366\"><span class=\"w-text-h\"><span class=\"w-text-value\">Bruno \u00cdtalo Lizardi Miranda<\/span><\/span><\/h2><div class=\"wpb_text_column\"><div class=\"wpb_wrapper\"><hr \/>\n<h6><strong>Representante legal | Arque\u00f3logo<\/strong><\/h6>\n<p style=\"text-align: justify;\">Arque\u00f3logo titulado de la Universidad Internacional SEK con 10 a\u00f1os de experiencia en el rubro, tanto en el \u00e1mbito p\u00fablico como privado.<\/p>\n<p style=\"text-align: justify;\">Se ha desempe\u00f1ado en proyectos del sector energ\u00e9tico: -plantas fotovoltaicas de entre 10 y 170 MW-, hidr\u00e1ulico -canales de agua y embalses- e inmobiliario, siendo parte de los equipos de trabajo en la elaboraci\u00f3n de L\u00edneas de base, caracterizaciones, rescates y monitoreos arqueol\u00f3gicos.<\/p>\n<p style=\"text-align: justify;\">MIALQUI CONSULTORES nace de la necesidad de una consultora que compatibilice el trabajo arqueol\u00f3gico y la construcci\u00f3n de los Proyectos a fin de evitar la destrucci\u00f3n del Patrimonio Cultural sin perjudicar innecesariamente el avance de las obras. Creemos que la Arqueolog\u00eda puede ser una oportunidad para los clientes y no una debilidad.<\/p>\n<p style=\"text-align: justify;\">\u201cNuestra tarea es evitar que el trabajo arqueol\u00f3gico complejice los Proyectos. Por eso las palabras claves que deben guiar esta sociedad deben ser: Seriedad, Rapidez y Compromiso\u201d.<\/p>\n<\/div><\/div><\/div><\/div><\/div><\/div><\/div><\/section>\n","protected":false},"excerpt":{"rendered":"Nosotros Mialqui Consultores Somos una consultora que nace de la necesidad de compatibilizar la labor arqueol\u00f3gica y el desarrollo constructivo de quienes nos prefieren porque a trav\u00e9s de nuestra experiencia sabemos la urgencia de contar con energ\u00edas renovables y limpias en nuestro pa\u00eds, adem\u00e1s de la importancia de las otras \u00e1reas constructivas, como las h\u00eddricas,...","protected":false},"author":3,"featured_media":0,"parent":0,"menu_order":0,"comment_status":"closed","ping_status":"closed","template":"","meta":{"_acf_changed":false,"footnotes":""},"class_list":["post-9453","page","type-page","status-publish","hentry"],"acf":[],"_links":{"self":[{"href":"https:\/\/mialquiconsultores.cl\/index.php\/wp-json\/wp\/v2\/pages\/9453","targetHints":{"allow":["GET"]}}],"collection":[{"href":"https:\/\/mialquiconsultores.cl\/index.php\/wp-json\/wp\/v2\/pages"}],"about":[{"href":"https:\/\/mialquiconsultores.cl\/index.php\/wp-json\/wp\/v2\/types\/page"}],"author":[{"embeddable":true,"href":"https:\/\/mialquiconsultores.cl\/index.php\/wp-json\/wp\/v2\/users\/3"}],"replies":[{"embeddable":true,"href":"https:\/\/mialquiconsultores.cl\/index.php\/wp-json\/wp\/v2\/comments?post=9453"}],"version-history":[{"count":26,"href":"https:\/\/mialquiconsultores.cl\/index.php\/wp-json\/wp\/v2\/pages\/9453\/revisions"}],"predecessor-version":[{"id":10073,"href":"https:\/\/mialquiconsultores.cl\/index.php\/wp-json\/wp\/v2\/pages\/9453\/revisions\/10073"}],"wp:attachment":[{"href":"https:\/\/mialquiconsultores.cl\/index.php\/wp-json\/wp\/v2\/media?parent=9453"}],"curies":[{"name":"wp","href":"https:\/\/api.w.org\/{rel}","templated":true}]}}