{"id":9733,"date":"2024-09-11T13:19:42","date_gmt":"2024-09-11T13:19:42","guid":{"rendered":"https:\/\/mialquiconsultores.cl\/?page_id=9733"},"modified":"2025-03-25T17:14:53","modified_gmt":"2025-03-25T17:14:53","slug":"servicios","status":"publish","type":"page","link":"https:\/\/mialquiconsultores.cl\/index.php\/servicios\/","title":{"rendered":"Servicios"},"content":{"rendered":"<section class=\"l-section wpb_row height_custom\"><div class=\"l-section-h i-cf\"><div class=\"g-cols via_grid cols_1 laptops-cols_inherit tablets-cols_inherit mobiles-cols_1 valign_top type_default\"><div class=\"wpb_column vc_column_container\"><div class=\"vc_column-inner\"><div class=\"w-grid type_grid layout_9720 cols_3\" id=\"us_grid_1\" data-filterable=\"true\"><style>#us_grid_1 .w-grid-item{padding:1.5rem}#us_grid_1 .w-grid-list{margin:-1.5rem}.w-grid-none + #us_grid_1 .w-grid-list{margin-top:1.5rem}@media (max-width:899px){#us_grid_1 .w-grid-item{width:50%}}@media (max-width:599px){#us_grid_1 .w-grid-list{margin:0}#us_grid_1 .w-grid-item{width:100%;padding:0;margin-bottom:1.5rem}}.layout_9720 .w-grid-item-h{}.layout_9720 .usg_post_image_1{height:285px!important;border-radius:20px 20px 0 0!important}.layout_9720 .usg_hwrapper_1{margin-top:10px!important;margin-bottom:10px!important;padding-left:20px!important;padding-right:20px!important}.layout_9720 .usg_post_title_1{font-weight:500!important}.layout_9720 .usg_btn_1{color:#000000!important;text-align:center!important}.layout_9720 .usg_vwrapper_1{max-width:366px!important;border-radius:20px!important;box-shadow:0 0 20px 3px rgba(0,0,0,0.45)!important}<\/style><div class=\"w-grid-list\">\t<article class=\"w-grid-item size_1x1 post-9960 post type-post status-publish format-standard has-post-thumbnail hentry category-servicios\" data-id=\"9960\">\n\t\t<div class=\"w-grid-item-h\">\n\t\t\t\t\t\t<div class=\"w-vwrapper usg_vwrapper_1 align_center valign_top\"><div class=\"w-post-elm post_image usg_post_image_1 has_height stretched\"><a href=\"https:\/\/mialquiconsultores.cl\/index.php\/analisis-de-material-arqueologico\/\" aria-label=\"An\u00e1lisis de material Arqueol\u00f3gico\"><img decoding=\"async\" width=\"491\" height=\"338\" data-src=\"https:\/\/mialquiconsultores.cl\/wp-content\/uploads\/2025\/03\/VASIJAS.webp\" class=\"attachment-full size-full wp-post-image lazyload\" alt=\"An\u00e1lisis de material Arqueol\u00f3gico\" data-srcset=\"https:\/\/mialquiconsultores.cl\/wp-content\/uploads\/2025\/03\/VASIJAS.webp 491w, https:\/\/mialquiconsultores.cl\/wp-content\/uploads\/2025\/03\/VASIJAS-300x207.webp 300w\" data-sizes=\"(max-width: 491px) 100vw, 491px\" src=\"data:image\/svg+xml;base64,PHN2ZyB3aWR0aD0iMSIgaGVpZ2h0PSIxIiB4bWxucz0iaHR0cDovL3d3dy53My5vcmcvMjAwMC9zdmciPjwvc3ZnPg==\" style=\"--smush-placeholder-width: 491px; --smush-placeholder-aspect-ratio: 491\/338;\" \/><\/a><\/div><div class=\"w-hwrapper usg_hwrapper_1 align_center valign_middle\" style=\"--hwrapper-gap:1.20rem\"><p class=\"w-post-elm post_title usg_post_title_1 align_left entry-title color_link_inherit\"><a href=\"https:\/\/mialquiconsultores.cl\/index.php\/analisis-de-material-arqueologico\/\">An\u00e1lisis de material Arqueol\u00f3gico<\/a><\/p><a class=\"w-btn us-btn-style_28 usg_btn_1 btn-srvcs icon_atright text_none\" aria-label=\"Button\" href=\"https:\/\/mialquiconsultores.cl\/index.php\/analisis-de-material-arqueologico\/\"><i class=\"material-icons\">arrow_forward<\/i><\/a><\/div><\/div>\t\t<\/div>\n\t<\/article>\n\t<article class=\"w-grid-item size_1x1 post-9487 post type-post status-publish format-standard has-post-thumbnail hentry category-servicios\" data-id=\"9487\">\n\t\t<div class=\"w-grid-item-h\">\n\t\t\t\t\t\t<div class=\"w-vwrapper usg_vwrapper_1 align_center valign_top\"><div class=\"w-post-elm post_image usg_post_image_1 has_height stretched\"><a href=\"https:\/\/mialquiconsultores.cl\/index.php\/prospecciones-e-inspecciones-arqueologicas\/\" aria-label=\"Prospecciones e inspecciones arqueol\u00f3gicas\"><img decoding=\"async\" width=\"750\" height=\"563\" data-src=\"https:\/\/mialquiconsultores.cl\/wp-content\/uploads\/2023\/10\/IMG_4553-1-1.webp\" class=\"attachment-full size-full wp-post-image lazyload\" alt=\"Prospecciones e inspecciones arqueol\u00f3gicas\" data-srcset=\"https:\/\/mialquiconsultores.cl\/wp-content\/uploads\/2023\/10\/IMG_4553-1-1.webp 750w, https:\/\/mialquiconsultores.cl\/wp-content\/uploads\/2023\/10\/IMG_4553-1-1-300x225.webp 300w\" data-sizes=\"(max-width: 750px) 100vw, 750px\" src=\"data:image\/svg+xml;base64,PHN2ZyB3aWR0aD0iMSIgaGVpZ2h0PSIxIiB4bWxucz0iaHR0cDovL3d3dy53My5vcmcvMjAwMC9zdmciPjwvc3ZnPg==\" style=\"--smush-placeholder-width: 750px; --smush-placeholder-aspect-ratio: 750\/563;\" \/><\/a><\/div><div class=\"w-hwrapper usg_hwrapper_1 align_center valign_middle\" style=\"--hwrapper-gap:1.20rem\"><p class=\"w-post-elm post_title usg_post_title_1 align_left entry-title color_link_inherit\"><a href=\"https:\/\/mialquiconsultores.cl\/index.php\/prospecciones-e-inspecciones-arqueologicas\/\">Prospecciones e inspecciones arqueol\u00f3gicas<\/a><\/p><a class=\"w-btn us-btn-style_28 usg_btn_1 btn-srvcs icon_atright text_none\" aria-label=\"Button\" href=\"https:\/\/mialquiconsultores.cl\/index.php\/prospecciones-e-inspecciones-arqueologicas\/\"><i class=\"material-icons\">arrow_forward<\/i><\/a><\/div><\/div>\t\t<\/div>\n\t<\/article>\n\t<article class=\"w-grid-item size_1x1 post-9485 post type-post status-publish format-standard has-post-thumbnail hentry category-servicios\" data-id=\"9485\">\n\t\t<div class=\"w-grid-item-h\">\n\t\t\t\t\t\t<div class=\"w-vwrapper usg_vwrapper_1 align_center valign_top\"><div class=\"w-post-elm post_image usg_post_image_1 has_height stretched\"><a href=\"https:\/\/mialquiconsultores.cl\/index.php\/caracterizaciones-arqueologicas\/\" aria-label=\"Caracterizaciones arqueol\u00f3gicas\"><img decoding=\"async\" width=\"1156\" height=\"900\" data-src=\"https:\/\/mialquiconsultores.cl\/wp-content\/uploads\/2023\/10\/IMG_4564.webp\" class=\"attachment-full size-full wp-post-image lazyload\" alt=\"Caracterizaciones arqueol\u00f3gicas\" data-srcset=\"https:\/\/mialquiconsultores.cl\/wp-content\/uploads\/2023\/10\/IMG_4564.webp 1156w, https:\/\/mialquiconsultores.cl\/wp-content\/uploads\/2023\/10\/IMG_4564-300x234.webp 300w, https:\/\/mialquiconsultores.cl\/wp-content\/uploads\/2023\/10\/IMG_4564-1024x797.webp 1024w\" data-sizes=\"(max-width: 1156px) 100vw, 1156px\" src=\"data:image\/svg+xml;base64,PHN2ZyB3aWR0aD0iMSIgaGVpZ2h0PSIxIiB4bWxucz0iaHR0cDovL3d3dy53My5vcmcvMjAwMC9zdmciPjwvc3ZnPg==\" style=\"--smush-placeholder-width: 1156px; --smush-placeholder-aspect-ratio: 1156\/900;\" \/><\/a><\/div><div class=\"w-hwrapper usg_hwrapper_1 align_center valign_middle\" style=\"--hwrapper-gap:1.20rem\"><p class=\"w-post-elm post_title usg_post_title_1 align_left entry-title color_link_inherit\"><a href=\"https:\/\/mialquiconsultores.cl\/index.php\/caracterizaciones-arqueologicas\/\">Caracterizaciones arqueol\u00f3gicas<\/a><\/p><a class=\"w-btn us-btn-style_28 usg_btn_1 btn-srvcs icon_atright text_none\" aria-label=\"Button\" href=\"https:\/\/mialquiconsultores.cl\/index.php\/caracterizaciones-arqueologicas\/\"><i class=\"material-icons\">arrow_forward<\/i><\/a><\/div><\/div>\t\t<\/div>\n\t<\/article>\n\t<article class=\"w-grid-item size_1x1 post-9483 post type-post status-publish format-standard has-post-thumbnail hentry category-servicios\" data-id=\"9483\">\n\t\t<div class=\"w-grid-item-h\">\n\t\t\t\t\t\t<div class=\"w-vwrapper usg_vwrapper_1 align_center valign_top\"><div class=\"w-post-elm post_image usg_post_image_1 has_height stretched\"><a href=\"https:\/\/mialquiconsultores.cl\/index.php\/rescate-y-salvataje-arqueologico\/\" aria-label=\"Rescate y salvataje arqueol\u00f3gico\"><img decoding=\"async\" width=\"1200\" height=\"900\" data-src=\"https:\/\/mialquiconsultores.cl\/wp-content\/uploads\/2023\/10\/DJI_0745.webp\" class=\"attachment-full size-full wp-post-image lazyload\" alt=\"Rescate y salvataje arqueol\u00f3gico\" data-srcset=\"https:\/\/mialquiconsultores.cl\/wp-content\/uploads\/2023\/10\/DJI_0745.webp 1200w, https:\/\/mialquiconsultores.cl\/wp-content\/uploads\/2023\/10\/DJI_0745-300x225.webp 300w, https:\/\/mialquiconsultores.cl\/wp-content\/uploads\/2023\/10\/DJI_0745-1024x768.webp 1024w\" data-sizes=\"(max-width: 1200px) 100vw, 1200px\" src=\"data:image\/svg+xml;base64,PHN2ZyB3aWR0aD0iMSIgaGVpZ2h0PSIxIiB4bWxucz0iaHR0cDovL3d3dy53My5vcmcvMjAwMC9zdmciPjwvc3ZnPg==\" style=\"--smush-placeholder-width: 1200px; --smush-placeholder-aspect-ratio: 1200\/900;\" \/><\/a><\/div><div class=\"w-hwrapper usg_hwrapper_1 align_center valign_middle\" style=\"--hwrapper-gap:1.20rem\"><p class=\"w-post-elm post_title usg_post_title_1 align_left entry-title color_link_inherit\"><a href=\"https:\/\/mialquiconsultores.cl\/index.php\/rescate-y-salvataje-arqueologico\/\">Rescate y salvataje arqueol\u00f3gico<\/a><\/p><a class=\"w-btn us-btn-style_28 usg_btn_1 btn-srvcs icon_atright text_none\" aria-label=\"Button\" href=\"https:\/\/mialquiconsultores.cl\/index.php\/rescate-y-salvataje-arqueologico\/\"><i class=\"material-icons\">arrow_forward<\/i><\/a><\/div><\/div>\t\t<\/div>\n\t<\/article>\n\t<article class=\"w-grid-item size_1x1 post-9481 post type-post status-publish format-standard has-post-thumbnail hentry category-servicios\" data-id=\"9481\">\n\t\t<div class=\"w-grid-item-h\">\n\t\t\t\t\t\t<div class=\"w-vwrapper usg_vwrapper_1 align_center valign_top\"><div class=\"w-post-elm post_image usg_post_image_1 has_height stretched\"><a href=\"https:\/\/mialquiconsultores.cl\/index.php\/monitoreo-arqueologico\/\" aria-label=\"Monitoreo arqueol\u00f3gico\"><img decoding=\"async\" width=\"1200\" height=\"900\" data-src=\"https:\/\/mialquiconsultores.cl\/wp-content\/uploads\/2023\/10\/20221105_111924.webp\" class=\"attachment-full size-full wp-post-image lazyload\" alt=\"Monitoreo arqueol\u00f3gico\" data-srcset=\"https:\/\/mialquiconsultores.cl\/wp-content\/uploads\/2023\/10\/20221105_111924.webp 1200w, https:\/\/mialquiconsultores.cl\/wp-content\/uploads\/2023\/10\/20221105_111924-300x225.webp 300w, https:\/\/mialquiconsultores.cl\/wp-content\/uploads\/2023\/10\/20221105_111924-1024x768.webp 1024w\" data-sizes=\"(max-width: 1200px) 100vw, 1200px\" src=\"data:image\/svg+xml;base64,PHN2ZyB3aWR0aD0iMSIgaGVpZ2h0PSIxIiB4bWxucz0iaHR0cDovL3d3dy53My5vcmcvMjAwMC9zdmciPjwvc3ZnPg==\" style=\"--smush-placeholder-width: 1200px; --smush-placeholder-aspect-ratio: 1200\/900;\" \/><\/a><\/div><div class=\"w-hwrapper usg_hwrapper_1 align_center valign_middle\" style=\"--hwrapper-gap:1.20rem\"><p class=\"w-post-elm post_title usg_post_title_1 align_left entry-title color_link_inherit\"><a href=\"https:\/\/mialquiconsultores.cl\/index.php\/monitoreo-arqueologico\/\">Monitoreo arqueol\u00f3gico<\/a><\/p><a class=\"w-btn us-btn-style_28 usg_btn_1 btn-srvcs icon_atright text_none\" aria-label=\"Button\" href=\"https:\/\/mialquiconsultores.cl\/index.php\/monitoreo-arqueologico\/\"><i class=\"material-icons\">arrow_forward<\/i><\/a><\/div><\/div>\t\t<\/div>\n\t<\/article>\n\t<article class=\"w-grid-item size_1x1 post-9479 post type-post status-publish format-standard has-post-thumbnail hentry category-servicios\" data-id=\"9479\">\n\t\t<div class=\"w-grid-item-h\">\n\t\t\t\t\t\t<div class=\"w-vwrapper usg_vwrapper_1 align_center valign_top\"><div class=\"w-post-elm post_image usg_post_image_1 has_height stretched\"><a href=\"https:\/\/mialquiconsultores.cl\/index.php\/cercado-y-senalizacion-de-sitios-arqueologicos\/\" aria-label=\"Cercado y se\u00f1alizaci\u00f3n de sitios arqueol\u00f3gicos\"><img decoding=\"async\" width=\"1156\" height=\"867\" data-src=\"https:\/\/mialquiconsultores.cl\/wp-content\/uploads\/2023\/10\/IMG-20221230-WA0015.jpg\" class=\"attachment-full size-full wp-post-image lazyload\" alt=\"Cercado y se\u00f1alizaci\u00f3n de sitios arqueol\u00f3gicos\" data-srcset=\"https:\/\/mialquiconsultores.cl\/wp-content\/uploads\/2023\/10\/IMG-20221230-WA0015.jpg 1156w, https:\/\/mialquiconsultores.cl\/wp-content\/uploads\/2023\/10\/IMG-20221230-WA0015-300x225.jpg 300w, https:\/\/mialquiconsultores.cl\/wp-content\/uploads\/2023\/10\/IMG-20221230-WA0015-1024x768.jpg 1024w\" data-sizes=\"(max-width: 1156px) 100vw, 1156px\" src=\"data:image\/svg+xml;base64,PHN2ZyB3aWR0aD0iMSIgaGVpZ2h0PSIxIiB4bWxucz0iaHR0cDovL3d3dy53My5vcmcvMjAwMC9zdmciPjwvc3ZnPg==\" style=\"--smush-placeholder-width: 1156px; --smush-placeholder-aspect-ratio: 1156\/867;\" \/><\/a><\/div><div class=\"w-hwrapper usg_hwrapper_1 align_center valign_middle\" style=\"--hwrapper-gap:1.20rem\"><p class=\"w-post-elm post_title usg_post_title_1 align_left entry-title color_link_inherit\"><a href=\"https:\/\/mialquiconsultores.cl\/index.php\/cercado-y-senalizacion-de-sitios-arqueologicos\/\">Cercado y se\u00f1alizaci\u00f3n de sitios arqueol\u00f3gicos<\/a><\/p><a class=\"w-btn us-btn-style_28 usg_btn_1 btn-srvcs icon_atright text_none\" aria-label=\"Button\" href=\"https:\/\/mialquiconsultores.cl\/index.php\/cercado-y-senalizacion-de-sitios-arqueologicos\/\"><i class=\"material-icons\">arrow_forward<\/i><\/a><\/div><\/div>\t\t<\/div>\n\t<\/article>\n\t<article class=\"w-grid-item size_1x1 post-9477 post type-post status-publish format-standard has-post-thumbnail hentry category-servicios\" data-id=\"9477\">\n\t\t<div class=\"w-grid-item-h\">\n\t\t\t\t\t\t<div class=\"w-vwrapper usg_vwrapper_1 align_center valign_top\"><div class=\"w-post-elm post_image usg_post_image_1 has_height stretched\"><a href=\"https:\/\/mialquiconsultores.cl\/index.php\/educacion-y-didactica-de-la-arqueologia\/\" aria-label=\"Educaci\u00f3n y did\u00e1ctica de la arqueolog\u00eda\"><img decoding=\"async\" width=\"1200\" height=\"900\" data-src=\"https:\/\/mialquiconsultores.cl\/wp-content\/uploads\/2023\/10\/DJI_0624.webp\" class=\"attachment-full size-full wp-post-image lazyload\" alt=\"Educaci\u00f3n y did\u00e1ctica de la arqueolog\u00eda\" data-srcset=\"https:\/\/mialquiconsultores.cl\/wp-content\/uploads\/2023\/10\/DJI_0624.webp 1200w, https:\/\/mialquiconsultores.cl\/wp-content\/uploads\/2023\/10\/DJI_0624-300x225.webp 300w, https:\/\/mialquiconsultores.cl\/wp-content\/uploads\/2023\/10\/DJI_0624-1024x768.webp 1024w\" data-sizes=\"(max-width: 1200px) 100vw, 1200px\" src=\"data:image\/svg+xml;base64,PHN2ZyB3aWR0aD0iMSIgaGVpZ2h0PSIxIiB4bWxucz0iaHR0cDovL3d3dy53My5vcmcvMjAwMC9zdmciPjwvc3ZnPg==\" style=\"--smush-placeholder-width: 1200px; --smush-placeholder-aspect-ratio: 1200\/900;\" \/><\/a><\/div><div class=\"w-hwrapper usg_hwrapper_1 align_center valign_middle\" style=\"--hwrapper-gap:1.20rem\"><p class=\"w-post-elm post_title usg_post_title_1 align_left entry-title color_link_inherit\"><a href=\"https:\/\/mialquiconsultores.cl\/index.php\/educacion-y-didactica-de-la-arqueologia\/\">Educaci\u00f3n y did\u00e1ctica de la arqueolog\u00eda<\/a><\/p><a class=\"w-btn us-btn-style_28 usg_btn_1 btn-srvcs icon_atright text_none\" aria-label=\"Button\" href=\"https:\/\/mialquiconsultores.cl\/index.php\/educacion-y-didactica-de-la-arqueologia\/\"><i class=\"material-icons\">arrow_forward<\/i><\/a><\/div><\/div>\t\t<\/div>\n\t<\/article>\n<\/div><div class=\"w-grid-preloader\"><div class=\"g-preloader type_1\">\n\t<div><\/div>\n<\/div>\n<\/div>\t<div class=\"w-grid-json hidden\" onclick='return {&quot;action&quot;:&quot;us_ajax_grid&quot;,&quot;ajax_url&quot;:&quot;https:\\\/\\\/mialquiconsultores.cl\\\/wp-admin\\\/admin-ajax.php&quot;,&quot;infinite_scroll&quot;:0,&quot;max_num_pages&quot;:1,&quot;pagination&quot;:&quot;none&quot;,&quot;permalink_url&quot;:&quot;https:\\\/\\\/mialquiconsultores.cl\\\/wp-json\\\/wp\\\/v2\\\/pages\\\/9733&quot;,&quot;template_vars&quot;:{&quot;columns&quot;:&quot;3&quot;,&quot;exclude_items&quot;:&quot;none&quot;,&quot;img_size&quot;:&quot;default&quot;,&quot;ignore_items_size&quot;:false,&quot;items_layout&quot;:&quot;9720&quot;,&quot;items_offset&quot;:&quot;1&quot;,&quot;load_animation&quot;:&quot;none&quot;,&quot;overriding_link&quot;:&quot;none&quot;,&quot;post_id&quot;:9733,&quot;query_args&quot;:{&quot;post_type&quot;:[&quot;post&quot;],&quot;tax_query&quot;:[{&quot;taxonomy&quot;:&quot;category&quot;,&quot;field&quot;:&quot;slug&quot;,&quot;terms&quot;:[&quot;servicios&quot;]}],&quot;post_status&quot;:[&quot;publish&quot;,&quot;acf-disabled&quot;],&quot;posts_per_page&quot;:&quot;10&quot;},&quot;orderby_query_args&quot;:{&quot;orderby&quot;:{&quot;date&quot;:&quot;DESC&quot;}},&quot;type&quot;:&quot;grid&quot;,&quot;us_grid_ajax_index&quot;:1,&quot;us_grid_filter_params&quot;:null,&quot;us_grid_index&quot;:1,&quot;_us_grid_post_type&quot;:&quot;post&quot;}}'><\/div>\n\t<\/div><\/div><\/div><\/div><\/div><\/section>\n","protected":false},"excerpt":{"rendered":"Educaci\u00f3n y did\u00e1ctica de la arqueolog\u00eda Educamos de manera did\u00e1ctica para la protecci\u00f3n eficaz del patrimonio arqueol\u00f3gico La educaci\u00f3n y did\u00e1ctica de la arqueolog\u00eda desempe\u00f1an un papel fundamental en la promoci\u00f3n de la protecci\u00f3n efectiva del patrimonio arqueol\u00f3gico. Este enfoque busca educar de manera did\u00e1ctica y accesible, con el prop\u00f3sito de aumentar la conciencia y...","protected":false},"author":3,"featured_media":0,"parent":0,"menu_order":0,"comment_status":"closed","ping_status":"closed","template":"","meta":{"_acf_changed":false,"footnotes":""},"class_list":["post-9733","page","type-page","status-publish","hentry"],"acf":[],"_links":{"self":[{"href":"https:\/\/mialquiconsultores.cl\/index.php\/wp-json\/wp\/v2\/pages\/9733","targetHints":{"allow":["GET"]}}],"collection":[{"href":"https:\/\/mialquiconsultores.cl\/index.php\/wp-json\/wp\/v2\/pages"}],"about":[{"href":"https:\/\/mialquiconsultores.cl\/index.php\/wp-json\/wp\/v2\/types\/page"}],"author":[{"embeddable":true,"href":"https:\/\/mialquiconsultores.cl\/index.php\/wp-json\/wp\/v2\/users\/3"}],"replies":[{"embeddable":true,"href":"https:\/\/mialquiconsultores.cl\/index.php\/wp-json\/wp\/v2\/comments?post=9733"}],"version-history":[{"count":5,"href":"https:\/\/mialquiconsultores.cl\/index.php\/wp-json\/wp\/v2\/pages\/9733\/revisions"}],"predecessor-version":[{"id":9977,"href":"https:\/\/mialquiconsultores.cl\/index.php\/wp-json\/wp\/v2\/pages\/9733\/revisions\/9977"}],"wp:attachment":[{"href":"https:\/\/mialquiconsultores.cl\/index.php\/wp-json\/wp\/v2\/media?parent=9733"}],"curies":[{"name":"wp","href":"https:\/\/api.w.org\/{rel}","templated":true}]}}